{"id":4326,"date":"2023-01-08T14:42:15","date_gmt":"2023-01-08T11:42:15","guid":{"rendered":"https:\/\/adler-entkernung-sanierung.de\/remax\/?page_id=4326"},"modified":"2023-01-17T15:17:47","modified_gmt":"2023-01-17T12:17:47","slug":"bize-katilmak-istermisiniz","status":"publish","type":"page","link":"https:\/\/adler-entkernung-sanierung.de\/remax\/bize-katilmak-istermisiniz\/","title":{"rendered":"Bize Kat\u0131lmak \u0130stermisiniz ?"},"content":{"rendered":"\t\t<div data-elementor-type=\"wp-page\" data-elementor-id=\"4326\" class=\"elementor elementor-4326\">\n\t\t\t\t\t\t\t\t\t<section class=\"elementor-section elementor-top-section elementor-element elementor-element-fa4ae30 elementor-section-boxed elementor-section-height-default elementor-section-height-default\" data-id=\"fa4ae30\" data-element_type=\"section\">\n\t\t\t\t\t\t<div class=\"elementor-container elementor-column-gap-default\">\n\t\t\t\t\t<div class=\"elementor-column elementor-col-50 elementor-top-column elementor-element elementor-element-98428ef\" data-id=\"98428ef\" data-element_type=\"column\">\n\t\t\t<div class=\"elementor-widget-wrap elementor-element-populated\">\n\t\t\t\t\t\t\t\t<div class=\"elementor-element elementor-element-b02d91c elementor-button-align-stretch elementor-widget elementor-widget-houzez_elementor_contact_form\" data-id=\"b02d91c\" data-element_type=\"widget\" data-widget_type=\"houzez_elementor_contact_form.default\">\n\t\t\t\t<div class=\"elementor-widget-container\">\n\t\t\t\n        <script type=\"application\/javascript\">\n            jQuery(document).bind(\"ready\", function () {\n                houzezValidateElementor(\"#houzez-form-b02d91c\" );\n            });\n        <\/script>\n\n        <form class=\"elementor-form\" id=\"houzez-form-b02d91c\" method=\"post\" name=\"New Form\" action=\"https:\/\/adler-entkernung-sanierung.de\/remax\/wp-admin\/admin-ajax.php\">\n            <input type=\"hidden\" name=\"form_id\" value=\"b02d91c\"\/>\n            <input type=\"hidden\" name=\"houzez_contact_form\" value=\"yes\"\/>\n            <input type=\"hidden\" name=\"action\" value=\"houzez_ele_contact_form\" \/>\n            <input type=\"hidden\" name=\"source_link\" value=\"https:\/\/adler-entkernung-sanierung.de\/remax\/bize-katilmak-istermisiniz\/\" \/>\n            <input type=\"hidden\" name=\"lead_page_id\" value=\"4326\" \/>\n            <input type=\"hidden\" name=\"email_to\" value=\"info@adler-entkernung-sanierung.de\" \/>\n            <input type=\"hidden\" name=\"email_subject\" value=\"New message from &quot;Remax Jewel&quot;\" \/>\n            <input type=\"hidden\" name=\"email_to_cc\" value=\"\" \/>\n            <input type=\"hidden\" name=\"email_to_bcc\" value=\"\" \/>\n            <input type=\"hidden\" name=\"webhook\" value=\"false\" \/>\n            <input type=\"hidden\" name=\"webhook_url\" value=\"\" \/>\n            <input type=\"hidden\" name=\"redirect_to\" value=\"\" \/>\n            <input type=\"hidden\" name=\"google_recaptcha\" value=\"false\" \/>\n            \n\n            <div class=\"elementor-form-fields-wrapper elementor-labels-above\">\n\n                                    <div class=\"elementor-field-group elementor-column form-group elementor-field-group-name elementor-col-100\">\n                    <label for=\"form-field-name\" class=\"elementor-field-label\">Ad & Soyad<\/label><input type=\"text\" name=\"name\" id=\"form-field-name\" class=\"elementor-field form-control elementor-size-sm elementor-field-textual\" placeholder=\"Ad\u0131n\u0131z ve Soyad\u0131n\u0131z\" title=\"* Ad &amp; Soyad\">                    <\/div>\n\n                                        <div class=\"elementor-field-group elementor-column form-group elementor-field-group-c8a9196 elementor-col-100\">\n                    <label for=\"form-field-c8a9196\" class=\"elementor-field-label\">Telefon<\/label><input type=\"text\" name=\"home_phone\" id=\"form-field-c8a9196\" class=\"elementor-field form-control elementor-size-sm elementor-field-textual\" placeholder=\"Telefon numaran\u0131z\" title=\"* Telefon\">                    <\/div>\n\n                                        <div class=\"elementor-field-group elementor-column form-group elementor-field-group-email elementor-col-100 elementor-field-required\">\n                    <label for=\"form-field-email\" class=\"elementor-field-label\">Email<\/label><input type=\"email\" name=\"email\" id=\"form-field-email\" class=\"elementor-field form-control elementor-size-sm elementor-field-textual\" placeholder=\"Email adresiniz\" title=\"* Email\" required=\"required\">                    <\/div>\n\n                                        <div class=\"elementor-field-group elementor-column form-group elementor-field-group-message elementor-col-100\">\n                    <label for=\"form-field-message\" class=\"elementor-field-label\">Mesaj<\/label><textarea class=\"elementor-field-textual elementor-field elementor-size-sm\" name=\"message\" id=\"form-field-message\" rows=\"4\" placeholder=\"Mesaj\u0131n\u0131z\"><\/textarea>                    <\/div>\n\n                    \n                    \n                    \n                    <div class=\"elementor-field-group elementor-column elementor-field-type-submit elementor-col-100\">\n                    <button type=\"submit\" class=\"btn houzez-submit-button houzez-contact-form-js elementor-button elementor-size-sm\">\n                        <i class=\"btn-loader houzez-loader-js\"><\/i>\n                                                    TALEP G\u00d6NDER                                            <\/button>\n                <\/div>\n            <\/div><!-- End wrapper-->\n            <br\/>\n            <div class=\"ele-form-messages\"><\/div>\n            <div class=\"error-container\"><\/div>\n\n        <\/form>\n\n    \t\t<\/div>\n\t\t\t\t<\/div>\n\t\t\t\t\t<\/div>\n\t\t<\/div>\n\t\t\t\t<div class=\"elementor-column elementor-col-50 elementor-top-column elementor-element elementor-element-cd3c615\" data-id=\"cd3c615\" data-element_type=\"column\">\n\t\t\t<div class=\"elementor-widget-wrap elementor-element-populated\">\n\t\t\t\t\t\t\t\t<div class=\"elementor-element elementor-element-561956a elementor-widget elementor-widget-text-editor\" data-id=\"561956a\" data-element_type=\"widget\" data-widget_type=\"text-editor.default\">\n\t\t\t\t<div class=\"elementor-widget-container\">\n\t\t\t\t\t\t\t<p>Sizde dinamik ekibimizin bir par\u00e7as\u0131 olmak istiyorsan\u0131z . Detayl\u0131 bilgi i\u00e7in formu doldurabilirsiniz.<\/p>\t\t\t\t\t\t<\/div>\n\t\t\t\t<\/div>\n\t\t\t\t\t<\/div>\n\t\t<\/div>\n\t\t\t\t\t\t\t<\/div>\n\t\t<\/section>\n\t\t\t\t<section class=\"elementor-section elementor-top-section elementor-element elementor-element-c0147be elementor-section-boxed elementor-section-height-default elementor-section-height-default\" data-id=\"c0147be\" data-element_type=\"section\">\n\t\t\t\t\t\t<div class=\"elementor-container elementor-column-gap-default\">\n\t\t\t\t\t<div class=\"elementor-column elementor-col-100 elementor-top-column elementor-element elementor-element-2e09e54\" data-id=\"2e09e54\" data-element_type=\"column\">\n\t\t\t<div class=\"elementor-widget-wrap elementor-element-populated\">\n\t\t\t\t\t\t\t\t<div class=\"elementor-element elementor-element-eba9880 elementor-widget elementor-widget-text-editor\" data-id=\"eba9880\" data-element_type=\"widget\" data-widget_type=\"text-editor.default\">\n\t\t\t\t<div class=\"elementor-widget-container\">\n\t\t\t\t\t\t\t<h4>GENEL N\u0130TEL\u0130KLER VE \u0130\u015e TANIMI<\/h4>\n<p><\/p>\n<p>RE\/MAX 1973 y\u0131l\u0131ndan g\u00fcn\u00fcm\u00fcze t\u00fcm d\u00fcnyada gayrimenkul sekt\u00f6r\u00fcnde faaliyet g\u00f6steren marka bilinirli\u011fi olduk\u00e7a y\u00fcksek, insan odakl\u0131 ve kurumsal k\u00fclt\u00fcr\u00fc olan bir kurumdur.<\/p>\n<p>RE\/MAX JEWEL Antalya ve kendi b\u00f6lgesinde 7 y\u0131ld\u0131r faaliyette olan, ald\u0131\u011f\u0131 \u00f6d\u00fcller ile kendini kan\u0131tlam\u0131\u015f, hep daha fazlas\u0131n\u0131 hedefleyen, s\u00fcrekli b\u00fcy\u00fcyen, ekibine s\u00fcrekli de\u011fer katan, kazanc\u0131n\u0131 payla\u015fan, olduk\u00e7a fazla mesleki uzman yeti\u015ftirmi\u015f bir kurumdur.<\/p>\n<p><\/p>\n<ul>\n<li>Giri\u015fimci modeli ile daha fazla prim kazanmay\u0131 hedefleyen<\/li>\n<li>Tercihen kendine inanan, neler yapabilece\u011fini bilen<\/li>\n<li>G\u00fcne pozitif enerji ile G\u00dcNAYDIN diyerek ba\u015flayabilen<\/li>\n<li>\u0130\u00e7sel motivasyonu ve Cesareti y\u00fcksek , ad\u0131m atmak i\u00e7in kendine g\u00fcvenen<\/li>\n<li>Ayl\u0131k ve Y\u0131ll\u0131k kazan\u00e7 limitlerini, ba\u015fkalar\u0131 de\u011fil kendisi belirlemek isteyen<\/li>\n<li>Ki\u015fisel geli\u015fimine \u00f6nem veren, bizimle birlikte s\u00fcrekli geli\u015fime a\u00e7\u0131k olan<\/li>\n<li>Y\u00fcksek kazan\u00e7 elde ederken, hayat\u0131na zaman ay\u0131rmay\u0131 bilen, isteyen<\/li>\n<\/ul>\n<h5>\u0130\u015e TANIMI:<\/h5>\n<p><\/p>\n<ul>\n<li>RE\/MAX ve RE\/MAX JEWEL adan alaca\u011f\u0131 e\u011fitimler do\u011frultusunda \u00c7al\u0131\u015fma B\u00f6lgesinde (uzmanl\u0131k alan\u0131nda) Sat\u0131l\u0131k \u2013 Kiral\u0131k portf\u00f6yler olu\u015fturmak,<\/li>\n<li>Etki \u00e7evresi, web emlak portallar\u0131nda bulunan f\u0131rsatlar\u0131 takip etmek,<\/li>\n<li>Gayrimenkul al\u0131c\u0131 sat\u0131 \u2013 kiralayan \u2013 kirac\u0131 veri taban\u0131 olu\u015fturmak<\/li>\n<li>Sekt\u00f6rdeki geli\u015fmeleri ve mevzuat\u0131 takip etmek<\/li>\n<\/ul>\n<p><strong>BU \u0130\u015e TANIMINDA TECR\u00dcBE DE\u011e\u0130L MOT\u0130VASYON ve CESARET GEREK\u0130YOR.<\/strong><\/p>\n<p><strong>GEREKL\u0130 T\u00dcM E\u011e\u0130T\u0130MLER BA\u015eLANGI\u00c7TA VE T\u00dcM KAR\u0130YER\u0130N\u0130Z S\u00dcRES\u0130NCE HEM RE\/MAX HEM DE RE\/MAX JEWEL TARAFINDAN VER\u0130LECEKT\u0130R<\/strong><\/p>\t\t\t\t\t\t<\/div>\n\t\t\t\t<\/div>\n\t\t\t\t\t<\/div>\n\t\t<\/div>\n\t\t\t\t\t\t\t<\/div>\n\t\t<\/section>\n\t\t\t\t\t\t\t<\/div>\n\t\t","protected":false},"excerpt":{"rendered":"<p>Ad &#038; Soyad Telefon Email Mesaj TALEP G\u00d6NDER Sizde dinamik ekibimizin bir par\u00e7as\u0131 olmak istiyorsan\u0131z . Detayl\u0131 bilgi i\u00e7in formu doldurabilirsiniz. GENEL N\u0130TEL\u0130KLER VE \u0130\u015e TANIMI RE\/MAX 1973 y\u0131l\u0131ndan g\u00fcn\u00fcm\u00fcze t\u00fcm d\u00fcnyada gayrimenkul sekt\u00f6r\u00fcnde faaliyet g\u00f6steren marka bilinirli\u011fi olduk\u00e7a y\u00fcksek, insan odakl\u0131 ve kurumsal k\u00fclt\u00fcr\u00fc olan bir kurumdur. RE\/MAX JEWEL Antalya ve kendi b\u00f6lgesinde 7 [&hellip;]<\/p>\n","protected":false},"author":1,"featured_media":0,"parent":0,"menu_order":0,"comment_status":"closed","ping_status":"closed","template":"elementor_header_footer","meta":{"footnotes":""},"class_list":["post-4326","page","type-page","status-publish","hentry"],"_links":{"self":[{"href":"https:\/\/adler-entkernung-sanierung.de\/remax\/wp-json\/wp\/v2\/pages\/4326","targetHints":{"allow":["GET"]}}],"collection":[{"href":"https:\/\/adler-entkernung-sanierung.de\/remax\/wp-json\/wp\/v2\/pages"}],"about":[{"href":"https:\/\/adler-entkernung-sanierung.de\/remax\/wp-json\/wp\/v2\/types\/page"}],"author":[{"embeddable":true,"href":"https:\/\/adler-entkernung-sanierung.de\/remax\/wp-json\/wp\/v2\/users\/1"}],"replies":[{"embeddable":true,"href":"https:\/\/adler-entkernung-sanierung.de\/remax\/wp-json\/wp\/v2\/comments?post=4326"}],"version-history":[{"count":25,"href":"https:\/\/adler-entkernung-sanierung.de\/remax\/wp-json\/wp\/v2\/pages\/4326\/revisions"}],"predecessor-version":[{"id":4465,"href":"https:\/\/adler-entkernung-sanierung.de\/remax\/wp-json\/wp\/v2\/pages\/4326\/revisions\/4465"}],"wp:attachment":[{"href":"https:\/\/adler-entkernung-sanierung.de\/remax\/wp-json\/wp\/v2\/media?parent=4326"}],"curies":[{"name":"wp","href":"https:\/\/api.w.org\/{rel}","templated":true}]}}